{"id":24,"date":"2017-10-10T17:47:39","date_gmt":"2017-10-10T17:47:39","guid":{"rendered":"http:\/\/vuodenajat.harmaasudet.fi\/?page_id=24"},"modified":"2017-10-12T17:50:54","modified_gmt":"2017-10-12T17:50:54","slug":"toinen-vuosi","status":"publish","type":"page","link":"https:\/\/toinenvuosi.harmaasudet.fi\/","title":{"rendered":"Toinen Vuosi"},"content":{"rendered":"\t\t<div data-elementor-type=\"wp-page\" data-elementor-id=\"24\" class=\"elementor elementor-24 elementor-bc-flex-widget\">\n\t\t\t\t\t\t<section class=\"elementor-section elementor-top-section elementor-element elementor-element-ofuspqb elementor-section-boxed elementor-section-height-default elementor-section-height-default\" data-id=\"ofuspqb\" data-element_type=\"section\">\n\t\t\t\t\t\t<div class=\"elementor-container elementor-column-gap-default\">\n\t\t\t\t\t<div class=\"elementor-column elementor-col-100 elementor-top-column elementor-element elementor-element-fneuzmi\" data-id=\"fneuzmi\" data-element_type=\"column\">\n\t\t\t<div class=\"elementor-widget-wrap elementor-element-populated\">\n\t\t\t\t\t\t<div class=\"elementor-element elementor-element-yxwsalc elementor-widget elementor-widget-text-editor\" data-id=\"yxwsalc\" data-element_type=\"widget\" data-widget_type=\"text-editor.default\">\n\t\t\t\t<div class=\"elementor-widget-container\">\n\t\t\t\t\t\t\t\t\t<p><img fetchpriority=\"high\" decoding=\"async\" src=\"http:\/\/toinenvuosi.harmaasudet.fi\/wp-content\/uploads\/2017\/10\/DSC_1272-Edit-2-1024x681.jpg\" sizes=\"(max-width: 640px) 100vw, 640px\" srcset=\"http:\/\/toinenvuosi.harmaasudet.fi\/wp-content\/uploads\/2017\/10\/DSC_1272-Edit-2-1024x681.jpg 1024w, http:\/\/toinenvuosi.harmaasudet.fi\/wp-content\/uploads\/2017\/10\/DSC_1272-Edit-2-300x200.jpg 300w, http:\/\/toinenvuosi.harmaasudet.fi\/wp-content\/uploads\/2017\/10\/DSC_1272-Edit-2-768x511.jpg 768w, http:\/\/toinenvuosi.harmaasudet.fi\/wp-content\/uploads\/2017\/10\/DSC_1272-Edit-2-700x466.jpg 700w, http:\/\/toinenvuosi.harmaasudet.fi\/wp-content\/uploads\/2017\/10\/DSC_1272-Edit-2-520x346.jpg 520w, http:\/\/toinenvuosi.harmaasudet.fi\/wp-content\/uploads\/2017\/10\/DSC_1272-Edit-2-360x239.jpg 360w, http:\/\/toinenvuosi.harmaasudet.fi\/wp-content\/uploads\/2017\/10\/DSC_1272-Edit-2-250x166.jpg 250w, http:\/\/toinenvuosi.harmaasudet.fi\/wp-content\/uploads\/2017\/10\/DSC_1272-Edit-2-100x67.jpg 100w\" alt=\"\" width=\"640\" height=\"426\" \/><\/p><p>Toinen Vuosi on neliosainen larp-kampanja omavaraisesta el\u00e4m\u00e4st\u00e4 yhteiskunnan romahdettua. Toisessa Vuodessa hahmot joutuvat sopeutumaan uuteen el\u00e4m\u00e4\u00e4ns\u00e4 vuodenkierron eri aikoina ja uudenlaisessa yhteis\u00f6ss\u00e4. Peli k\u00e4sittelee t\u00e4m\u00e4n yhteis\u00f6n muovautumista, rajank\u00e4ynti\u00e4 oman ja yhteisen v\u00e4lill\u00e4, ja aiemmin merkityksellisten asioiden muovautumista uusiksi. Toisessa Vuodessa keskeisess\u00e4 asemassa on my\u00f6s k\u00e4yt\u00e4nn\u00f6n tekeminen selviytymisen eteen.<\/p><p>Toinen Vuosi tavoittelee immersiivist\u00e4 ja dynaamista pelikokemusta. Hahmot on heitetty heille vieraaseen, uhkaavaan tilanteeseen, mutta jossa heid\u00e4n on kuitenkin mahdollista navigoida ja muovata itselleen merkityksi\u00e4 omista l\u00e4ht\u00f6kohdistaan. Toisessa Vuodessa pelaajilta ei edellytet\u00e4 erityisi\u00e4 k\u00e4yt\u00e4nn\u00f6n selviytymistaitoja, vaan pelisis\u00e4ll\u00f6t syntyv\u00e4t yrityksen ja erehdyksen kautta oppimisesta ja yhteis\u00f6llisest\u00e4 ongelmanratkaisusta.<\/p><p>Toinen Vuosi pelataan nelj\u00e4n\u00e4 viikonloppuna rantahuvilassa ja sen pihapiiriss\u00e4 Loviisassa. Peliviikonloput ovat<\/p><p><strong>Kev\u00e4t 4.-6.5.2018\u00a0<\/strong><\/p><p><strong>Kes\u00e4 17.-19.8.2018<\/strong><\/p><p><strong>Syksy 2.-4.11.2018 <\/strong><\/p><p><strong>Talvi 1.-3.2.2019<\/strong><\/p><p>Kukin peli kest\u00e4\u00e4 perjantai-illasta sunnuntaip\u00e4iv\u00e4\u00e4n ilman pelikatkoja.<\/p><p>Toisessa Vuodessa pelinjohto kirjoittaa jokaiselle pelaajalle hahmon. Kullakin hahmolla on tarinan kaari, jota pelinjohto kehittelee eteenp\u00e4in pelien v\u00e4liss\u00e4. Pelaajilla on mahdollisuus sek\u00e4 ilmoittautuessaan ett\u00e4 kampanjan aikana vaikuttaa hahmon persoonaan ja tarinaan, mutta t\u00e4t\u00e4 ei edellytet\u00e4.<\/p>\t\t\t\t\t\t\t\t<\/div>\n\t\t\t\t<\/div>\n\t\t\t\t\t<\/div>\n\t\t<\/div>\n\t\t\t\t\t<\/div>\n\t\t<\/section>\n\t\t\t\t<\/div>\n\t\t","protected":false},"excerpt":{"rendered":"<p>Toinen Vuosi on neliosainen larp-kampanja omavaraisesta el\u00e4m\u00e4st\u00e4 yhteiskunnan romahdettua. Toisessa Vuodessa hahmot joutuvat sopeutumaan uuteen el\u00e4m\u00e4\u00e4ns\u00e4 vuodenkierron eri aikoina ja uudenlaisessa yhteis\u00f6ss\u00e4. Peli k\u00e4sittelee t\u00e4m\u00e4n yhteis\u00f6n muovautumista, rajank\u00e4ynti\u00e4 oman ja yhteisen v\u00e4lill\u00e4, ja aiemmin merkityksellisten asioiden muovautumista uusiksi. Toisessa Vuodessa [&hellip;]<\/p>\n","protected":false},"author":1,"featured_media":0,"parent":0,"menu_order":0,"comment_status":"closed","ping_status":"closed","template":"page-templates\/page_fullwidth.php","meta":{"footnotes":""},"class_list":["post-24","page","type-page","status-publish","hentry","clearfix"],"_links":{"self":[{"href":"https:\/\/toinenvuosi.harmaasudet.fi\/index.php?rest_route=\/wp\/v2\/pages\/24","targetHints":{"allow":["GET"]}}],"collection":[{"href":"https:\/\/toinenvuosi.harmaasudet.fi\/index.php?rest_route=\/wp\/v2\/pages"}],"about":[{"href":"https:\/\/toinenvuosi.harmaasudet.fi\/index.php?rest_route=\/wp\/v2\/types\/page"}],"author":[{"embeddable":true,"href":"https:\/\/toinenvuosi.harmaasudet.fi\/index.php?rest_route=\/wp\/v2\/users\/1"}],"replies":[{"embeddable":true,"href":"https:\/\/toinenvuosi.harmaasudet.fi\/index.php?rest_route=%2Fwp%2Fv2%2Fcomments&post=24"}],"version-history":[{"count":3,"href":"https:\/\/toinenvuosi.harmaasudet.fi\/index.php?rest_route=\/wp\/v2\/pages\/24\/revisions"}],"predecessor-version":[{"id":66,"href":"https:\/\/toinenvuosi.harmaasudet.fi\/index.php?rest_route=\/wp\/v2\/pages\/24\/revisions\/66"}],"wp:attachment":[{"href":"https:\/\/toinenvuosi.harmaasudet.fi\/index.php?rest_route=%2Fwp%2Fv2%2Fmedia&parent=24"}],"curies":[{"name":"wp","href":"https:\/\/api.w.org\/{rel}","templated":true}]}}